{"id":105,"date":"2022-07-10T16:00:34","date_gmt":"2022-07-10T15:00:34","guid":{"rendered":"https:\/\/zabarykata.com\/?page_id=105"},"modified":"2022-08-26T16:56:27","modified_gmt":"2022-08-26T15:56:27","slug":"megjelenesek","status":"publish","type":"page","link":"https:\/\/zabarykata.com\/?page_id=105","title":{"rendered":"Megjelen\u00e9sek"},"content":{"rendered":"\n<ul class=\"wp-block-list\"><li>2021 M\u00e1jus &#8211; <a href=\"https:\/\/www.facebook.com\/page\/102050649855010\/search\/?q=zabary\">Underground<\/a><br><br><\/li><li>2021 J\u00falius &#8211; <a href=\"https:\/\/www.facebook.com\/groups\/836183307159449\/search\/?q=zabary\">SzemreVal\u00f3<\/a><br><br><\/li><li>2021 Szeptember &#8211; <a href=\"https:\/\/open.spotify.com\/episode\/6CWgUv6Pg1R4aUyAI8RTrs\">K\u00f6nyv\u00e9p\u00edt\u0151k a K\u00f6nyvh\u00e9ten<\/a><br><br><\/li><li>2021 November &#8211; <a href=\"https:\/\/www.facebook.com\/page\/621741685120480\/search\/?q=zabary\">K\u00f6nyvbarangol\u00f3<\/a><\/li><\/ul>\n\n\n\n<div style=\"height:282px\" aria-hidden=\"true\" class=\"wp-block-spacer\"><\/div>\n","protected":false},"excerpt":{"rendered":"<p>2021 M\u00e1jus &#8211; Underground 2021 J\u00falius &#8211; SzemreVal\u00f3 2021 Szeptember &#8211; K\u00f6nyv\u00e9p\u00edt\u0151k a K\u00f6nyvh\u00e9ten 2021 November &#8211; K\u00f6nyvbarangol\u00f3<\/p>\n","protected":false},"author":1,"featured_media":0,"parent":0,"menu_order":0,"comment_status":"closed","ping_status":"closed","template":"templates\/full-width-page.php","meta":{"footnotes":""},"class_list":["post-105","page","type-page","status-publish","hentry"],"_links":{"self":[{"href":"https:\/\/zabarykata.com\/index.php?rest_route=\/wp\/v2\/pages\/105","targetHints":{"allow":["GET"]}}],"collection":[{"href":"https:\/\/zabarykata.com\/index.php?rest_route=\/wp\/v2\/pages"}],"about":[{"href":"https:\/\/zabarykata.com\/index.php?rest_route=\/wp\/v2\/types\/page"}],"author":[{"embeddable":true,"href":"https:\/\/zabarykata.com\/index.php?rest_route=\/wp\/v2\/users\/1"}],"replies":[{"embeddable":true,"href":"https:\/\/zabarykata.com\/index.php?rest_route=%2Fwp%2Fv2%2Fcomments&post=105"}],"version-history":[{"count":6,"href":"https:\/\/zabarykata.com\/index.php?rest_route=\/wp\/v2\/pages\/105\/revisions"}],"predecessor-version":[{"id":131,"href":"https:\/\/zabarykata.com\/index.php?rest_route=\/wp\/v2\/pages\/105\/revisions\/131"}],"wp:attachment":[{"href":"https:\/\/zabarykata.com\/index.php?rest_route=%2Fwp%2Fv2%2Fmedia&parent=105"}],"curies":[{"name":"wp","href":"https:\/\/api.w.org\/{rel}","templated":true}]}}