{"id":11,"date":"2022-07-08T15:31:14","date_gmt":"2022-07-08T14:31:14","guid":{"rendered":"https:\/\/zabarykata.com\/?page_id=11"},"modified":"2022-08-28T17:44:44","modified_gmt":"2022-08-28T16:44:44","slug":"kezdooldal","status":"publish","type":"page","link":"https:\/\/zabarykata.com\/","title":{"rendered":"Kezd\u00f5oldal"},"content":{"rendered":"\n<p class=\"has-text-align-left\"><\/p>\n\n\n\n<p><\/p>\n\n\n\n<div class=\"wp-block-media-text has-media-on-the-right is-stacked-on-mobile\"><figure class=\"wp-block-media-text__media\"><img loading=\"lazy\" decoding=\"async\" width=\"912\" height=\"1024\" src=\"https:\/\/zabarykata.com\/wp-content\/uploads\/2022\/08\/351A6527_3-912x1024.jpg\" alt=\"\" class=\"wp-image-140 size-full\" srcset=\"https:\/\/zabarykata.com\/wp-content\/uploads\/2022\/08\/351A6527_3-912x1024.jpg 912w, https:\/\/zabarykata.com\/wp-content\/uploads\/2022\/08\/351A6527_3-267x300.jpg 267w, https:\/\/zabarykata.com\/wp-content\/uploads\/2022\/08\/351A6527_3-768x862.jpg 768w, https:\/\/zabarykata.com\/wp-content\/uploads\/2022\/08\/351A6527_3-1368x1536.jpg 1368w, https:\/\/zabarykata.com\/wp-content\/uploads\/2022\/08\/351A6527_3-1824x2048.jpg 1824w\" sizes=\"auto, (max-width: 912px) 100vw, 912px\" \/><\/figure><div class=\"wp-block-media-text__content\">\n<p>\u201cK\u00f6sz\u00f6n\u00f6m a szabads\u00e1got, <br>a t\u00fcrelmet <br>\u00e9s a v\u00e9gtelen szerelmet.\u201d<\/p>\n<\/div><\/div>\n","protected":false},"excerpt":{"rendered":"<p>\u201cK\u00f6sz\u00f6n\u00f6m a szabads\u00e1got, a t\u00fcrelmet \u00e9s a v\u00e9gtelen szerelmet.\u201d<\/p>\n","protected":false},"author":1,"featured_media":0,"parent":0,"menu_order":0,"comment_status":"closed","ping_status":"closed","template":"templates\/full-width-page.php","meta":{"footnotes":""},"class_list":["post-11","page","type-page","status-publish","hentry"],"_links":{"self":[{"href":"https:\/\/zabarykata.com\/index.php?rest_route=\/wp\/v2\/pages\/11","targetHints":{"allow":["GET"]}}],"collection":[{"href":"https:\/\/zabarykata.com\/index.php?rest_route=\/wp\/v2\/pages"}],"about":[{"href":"https:\/\/zabarykata.com\/index.php?rest_route=\/wp\/v2\/types\/page"}],"author":[{"embeddable":true,"href":"https:\/\/zabarykata.com\/index.php?rest_route=\/wp\/v2\/users\/1"}],"replies":[{"embeddable":true,"href":"https:\/\/zabarykata.com\/index.php?rest_route=%2Fwp%2Fv2%2Fcomments&post=11"}],"version-history":[{"count":17,"href":"https:\/\/zabarykata.com\/index.php?rest_route=\/wp\/v2\/pages\/11\/revisions"}],"predecessor-version":[{"id":151,"href":"https:\/\/zabarykata.com\/index.php?rest_route=\/wp\/v2\/pages\/11\/revisions\/151"}],"wp:attachment":[{"href":"https:\/\/zabarykata.com\/index.php?rest_route=%2Fwp%2Fv2%2Fmedia&parent=11"}],"curies":[{"name":"wp","href":"https:\/\/api.w.org\/{rel}","templated":true}]}}