{"id":32,"date":"2022-07-08T15:41:55","date_gmt":"2022-07-08T14:41:55","guid":{"rendered":"https:\/\/zabarykata.com\/?page_id=32"},"modified":"2023-09-17T13:58:22","modified_gmt":"2023-09-17T12:58:22","slug":"esemenyek","status":"publish","type":"page","link":"https:\/\/zabarykata.com\/?page_id=32","title":{"rendered":"Esem\u00e9nyek"},"content":{"rendered":"<ul>\n<li><strong>2021 m\u00e1jus<\/strong><br \/>52 \u00c1lom nyomdai \u00e9s e-book megjelen\u00e9se<br \/><br \/><\/li>\n<li><strong>2021 szeptember<\/strong> <br \/>92. \u00dcnnepi K\u00f6nyvh\u00e9ten val\u00f3 r\u00e9szv\u00e9tel, dedik\u00e1l\u00e1s<br \/><br \/><\/li>\n<li><strong>2022 augusztus &#8211; szeptember<\/strong><br \/>Dugonics Andr\u00e1s Irodalmi D\u00edj\u00a0 &#8211; k\u00f6z\u00f6ns\u00e9gszavaz\u00e1s<br \/><br \/><\/li>\n<li>\n<p><strong>2022 okt\u00f3ber<\/strong><br \/>DAID2022 &#8211;\u00a0 Spiritu\u00e1is, ezoterikus irodalom kateg\u00f3ria gy\u0151ztes<br \/>52 Sogni &#8211; e-book <br \/>52 Sogni &#8211; nyomdai verzi\u00f3 megjelen\u00e9se<br \/><br \/><\/p>\n<\/li>\n<li><strong>2022 j\u00fanius<\/strong><br \/>94. \u00dcnnepi k\u00f6nyvh\u00e9t &#8211; dedik\u00e1l\u00e1s\u00a0<br \/><br \/><br \/><strong>! HAMAROSAN !<\/strong><\/li>\n<li><strong>2023 szeptember 30.<\/strong><br \/>28. Budapesti Nepzetk\u00f6zi K\u00f6nyvfesztiv\u00e1lon val\u00f3 r\u00e9szv\u00e9tel, dedik\u00e1l\u00e1s<\/li>\n<\/ul>\n\n\n<div style=\"height:261px\" aria-hidden=\"true\" class=\"wp-block-spacer\"><\/div>\n","protected":false},"excerpt":{"rendered":"<p>2021 m\u00e1jus52 \u00c1lom nyomdai \u00e9s e-book megjelen\u00e9se 2021 szeptember 92. \u00dcnnepi K\u00f6nyvh\u00e9ten val\u00f3 r\u00e9szv\u00e9tel, dedik\u00e1l\u00e1s 2022 augusztus &#8211; szeptemberDugonics Andr\u00e1s Irodalmi D\u00edj\u00a0 &#8211; k\u00f6z\u00f6ns\u00e9gszavaz\u00e1s 2022 okt\u00f3berDAID2022 &#8211;\u00a0 Spiritu\u00e1is, ezoterikus irodalom<\/p>\n<p class=\"more-link\"><a href=\"https:\/\/zabarykata.com\/?page_id=32\" class=\"readmore\">Continue reading<svg class=\"icon icon-arrow-right\" aria-hidden=\"true\" role=\"img\"> <use href=\"#icon-arrow-right\" xlink:href=\"#icon-arrow-right\"><\/use> <\/svg><span class=\"screen-reader-text\">Esem\u00e9nyek<\/span><\/a><\/p>\n","protected":false},"author":1,"featured_media":0,"parent":0,"menu_order":0,"comment_status":"closed","ping_status":"closed","template":"templates\/full-width-page.php","meta":{"footnotes":""},"class_list":["post-32","page","type-page","status-publish","hentry"],"_links":{"self":[{"href":"https:\/\/zabarykata.com\/index.php?rest_route=\/wp\/v2\/pages\/32","targetHints":{"allow":["GET"]}}],"collection":[{"href":"https:\/\/zabarykata.com\/index.php?rest_route=\/wp\/v2\/pages"}],"about":[{"href":"https:\/\/zabarykata.com\/index.php?rest_route=\/wp\/v2\/types\/page"}],"author":[{"embeddable":true,"href":"https:\/\/zabarykata.com\/index.php?rest_route=\/wp\/v2\/users\/1"}],"replies":[{"embeddable":true,"href":"https:\/\/zabarykata.com\/index.php?rest_route=%2Fwp%2Fv2%2Fcomments&post=32"}],"version-history":[{"count":14,"href":"https:\/\/zabarykata.com\/index.php?rest_route=\/wp\/v2\/pages\/32\/revisions"}],"predecessor-version":[{"id":158,"href":"https:\/\/zabarykata.com\/index.php?rest_route=\/wp\/v2\/pages\/32\/revisions\/158"}],"wp:attachment":[{"href":"https:\/\/zabarykata.com\/index.php?rest_route=%2Fwp%2Fv2%2Fmedia&parent=32"}],"curies":[{"name":"wp","href":"https:\/\/api.w.org\/{rel}","templated":true}]}}