{"id":76,"date":"2022-07-10T13:18:31","date_gmt":"2022-07-10T12:18:31","guid":{"rendered":"https:\/\/zabarykata.com\/?page_id=76"},"modified":"2022-08-28T17:38:54","modified_gmt":"2022-08-28T16:38:54","slug":"ars-poetica-2","status":"publish","type":"page","link":"https:\/\/zabarykata.com\/?page_id=76","title":{"rendered":"Ars Poetica"},"content":{"rendered":"\n<div class=\"wp-block-media-text has-media-on-the-right is-stacked-on-mobile\"><figure class=\"wp-block-media-text__media\"><img loading=\"lazy\" decoding=\"async\" width=\"912\" height=\"1024\" src=\"https:\/\/zabarykata.com\/wp-content\/uploads\/2022\/08\/351A6527_3-912x1024.jpg\" alt=\"\" class=\"wp-image-140 size-full\" srcset=\"https:\/\/zabarykata.com\/wp-content\/uploads\/2022\/08\/351A6527_3-912x1024.jpg 912w, https:\/\/zabarykata.com\/wp-content\/uploads\/2022\/08\/351A6527_3-267x300.jpg 267w, https:\/\/zabarykata.com\/wp-content\/uploads\/2022\/08\/351A6527_3-768x862.jpg 768w, https:\/\/zabarykata.com\/wp-content\/uploads\/2022\/08\/351A6527_3-1368x1536.jpg 1368w, https:\/\/zabarykata.com\/wp-content\/uploads\/2022\/08\/351A6527_3-1824x2048.jpg 1824w\" sizes=\"auto, (max-width: 912px) 100vw, 912px\" \/><\/figure><div class=\"wp-block-media-text__content\">\n<p><br>Ami\u00f3ta az eszemet tudom, mindig is \u00edrtam.<br>Verseket, gondolatokat, <br>r\u00f6videbb t\u00f6rt\u00e9neteket.<br>Mindent.<br>Lejegyzetelni egy-egy r\u00f6pke gondolatot<br>annyit jelent sz\u00e1momra,<br>hogy biztosan eml\u00e9kezni fogok r\u00e1<br>\u00e9s meglesz a helye \u00e9s ideje<br>az \u00e9letemben.<br>\u00c9s ez \u00edgy is van.<\/p>\n\n\n\n<p><br><br><em>&#8222;Minden j\u00f3kor j\u00f6n annak, aki v\u00e1rni tud.&#8221;<\/em><br><em>Lev Tolsztoj<\/em><\/p>\n<\/div><\/div>\n","protected":false},"excerpt":{"rendered":"<p>Ami\u00f3ta az eszemet tudom, mindig is \u00edrtam.Verseket, gondolatokat, r\u00f6videbb t\u00f6rt\u00e9neteket.Mindent.Lejegyzetelni egy-egy r\u00f6pke gondolatotannyit jelent sz\u00e1momra,hogy biztosan eml\u00e9kezni fogok r\u00e1\u00e9s meglesz a helye \u00e9s idejeaz \u00e9letemben.\u00c9s ez \u00edgy is van. &#8222;Minden<\/p>\n<p class=\"more-link\"><a href=\"https:\/\/zabarykata.com\/?page_id=76\" class=\"readmore\">Continue reading<svg class=\"icon icon-arrow-right\" aria-hidden=\"true\" role=\"img\"> <use href=\"#icon-arrow-right\" xlink:href=\"#icon-arrow-right\"><\/use> <\/svg><span class=\"screen-reader-text\">Ars Poetica<\/span><\/a><\/p>\n","protected":false},"author":1,"featured_media":0,"parent":0,"menu_order":0,"comment_status":"closed","ping_status":"closed","template":"templates\/full-width-page.php","meta":{"footnotes":""},"class_list":["post-76","page","type-page","status-publish","hentry"],"_links":{"self":[{"href":"https:\/\/zabarykata.com\/index.php?rest_route=\/wp\/v2\/pages\/76","targetHints":{"allow":["GET"]}}],"collection":[{"href":"https:\/\/zabarykata.com\/index.php?rest_route=\/wp\/v2\/pages"}],"about":[{"href":"https:\/\/zabarykata.com\/index.php?rest_route=\/wp\/v2\/types\/page"}],"author":[{"embeddable":true,"href":"https:\/\/zabarykata.com\/index.php?rest_route=\/wp\/v2\/users\/1"}],"replies":[{"embeddable":true,"href":"https:\/\/zabarykata.com\/index.php?rest_route=%2Fwp%2Fv2%2Fcomments&post=76"}],"version-history":[{"count":9,"href":"https:\/\/zabarykata.com\/index.php?rest_route=\/wp\/v2\/pages\/76\/revisions"}],"predecessor-version":[{"id":146,"href":"https:\/\/zabarykata.com\/index.php?rest_route=\/wp\/v2\/pages\/76\/revisions\/146"}],"wp:attachment":[{"href":"https:\/\/zabarykata.com\/index.php?rest_route=%2Fwp%2Fv2%2Fmedia&parent=76"}],"curies":[{"name":"wp","href":"https:\/\/api.w.org\/{rel}","templated":true}]}}